{"id":788,"date":"2025-11-08T22:01:00","date_gmt":"2025-11-08T22:01:00","guid":{"rendered":"https:\/\/peacefulvibestours.com\/?page_id=788"},"modified":"2025-11-09T15:58:59","modified_gmt":"2025-11-09T15:58:59","slug":"reiten","status":"publish","type":"page","link":"https:\/\/peacefulvibestours.com\/en\/reiten\/","title":{"rendered":"Riding"},"content":{"rendered":"<div data-elementor-type=\"wp-page\" data-elementor-id=\"788\" class=\"elementor elementor-788\" data-elementor-post-type=\"page\">\n\t\t\t\t\t\t<section class=\"elementor-section elementor-top-section elementor-element elementor-element-95963e7 ct-section-stretched elementor-section-boxed elementor-section-height-default elementor-section-height-default\" data-id=\"95963e7\" data-element_type=\"section\" data-e-type=\"section\" data-settings=\"{&quot;background_background&quot;:&quot;classic&quot;}\">\n\t\t\t\t\t\t\t<div class=\"elementor-background-overlay\"><\/div>\n\t\t\t\t\t\t\t<div class=\"elementor-container elementor-column-gap-default\">\n\t\t\t\t\t<div class=\"elementor-column elementor-col-100 elementor-top-column elementor-element elementor-element-3d7f34a\" data-id=\"3d7f34a\" data-element_type=\"column\" data-e-type=\"column\">\n\t\t\t<div class=\"elementor-widget-wrap elementor-element-populated\">\n\t\t\t\t\t\t<div class=\"elementor-element elementor-element-85be7e5 elementor-widget elementor-widget-heading\" data-id=\"85be7e5\" data-element_type=\"widget\" data-e-type=\"widget\" data-widget_type=\"heading.default\">\n\t\t\t\t\t<h2 class=\"elementor-heading-title elementor-size-default\">Riding<\/h2>\t\t\t\t<\/div>\n\t\t\t\t\t<\/div>\n\t\t<\/div>\n\t\t\t\t\t<\/div>\n\t\t<\/section>\n\t\t<div class=\"elementor-element elementor-element-1f4e9fd e-flex e-con-boxed e-con e-parent\" data-id=\"1f4e9fd\" data-element_type=\"container\" data-e-type=\"container\">\n\t\t\t\t\t<div class=\"e-con-inner\">\n\t\t<div class=\"elementor-element elementor-element-42b6dd9 e-con-full e-flex e-con e-child\" data-id=\"42b6dd9\" data-element_type=\"container\" data-e-type=\"container\">\n\t\t\t\t<div class=\"elementor-element elementor-element-676f077 elementor-widget elementor-widget-image\" data-id=\"676f077\" data-element_type=\"widget\" data-e-type=\"widget\" data-widget_type=\"image.default\">\n\t\t\t\t\t\t\t\t\t\t\t\t\t\t\t<img fetchpriority=\"high\" decoding=\"async\" width=\"1024\" height=\"1024\" src=\"https:\/\/peacefulvibestours.com\/wp-content\/uploads\/2025\/11\/Whisk_4e997b24332f566925f47c3d8d089846dr.jpeg\" class=\"attachment-full size-full wp-image-806\" alt=\"\" srcset=\"https:\/\/peacefulvibestours.com\/wp-content\/uploads\/2025\/11\/Whisk_4e997b24332f566925f47c3d8d089846dr.jpeg 1024w, https:\/\/peacefulvibestours.com\/wp-content\/uploads\/2025\/11\/Whisk_4e997b24332f566925f47c3d8d089846dr-300x300.jpeg 300w, https:\/\/peacefulvibestours.com\/wp-content\/uploads\/2025\/11\/Whisk_4e997b24332f566925f47c3d8d089846dr-150x150.jpeg 150w, https:\/\/peacefulvibestours.com\/wp-content\/uploads\/2025\/11\/Whisk_4e997b24332f566925f47c3d8d089846dr-768x768.jpeg 768w\" sizes=\"(max-width: 1024px) 100vw, 1024px\" \/>\t\t\t\t\t\t\t\t\t\t\t\t\t\t\t<\/div>\n\t\t\t\t<\/div>\n\t\t<div class=\"elementor-element elementor-element-3aa008c e-con-full elementor-hidden-tablet elementor-hidden-mobile e-flex e-con e-child\" data-id=\"3aa008c\" data-element_type=\"container\" data-e-type=\"container\">\n\t\t\t\t<div class=\"elementor-element elementor-element-b8104ab elementor-widget elementor-widget-image\" data-id=\"b8104ab\" data-element_type=\"widget\" data-e-type=\"widget\" data-widget_type=\"image.default\">\n\t\t\t\t\t\t\t\t\t\t\t\t\t\t\t<img decoding=\"async\" width=\"1408\" height=\"768\" src=\"https:\/\/peacefulvibestours.com\/wp-content\/uploads\/2025\/11\/Whisk_52d53e463db1fe987f44bb4a07338654dr.jpeg\" class=\"attachment-full size-full wp-image-807\" alt=\"\" srcset=\"https:\/\/peacefulvibestours.com\/wp-content\/uploads\/2025\/11\/Whisk_52d53e463db1fe987f44bb4a07338654dr.jpeg 1408w, https:\/\/peacefulvibestours.com\/wp-content\/uploads\/2025\/11\/Whisk_52d53e463db1fe987f44bb4a07338654dr-300x164.jpeg 300w, https:\/\/peacefulvibestours.com\/wp-content\/uploads\/2025\/11\/Whisk_52d53e463db1fe987f44bb4a07338654dr-1024x559.jpeg 1024w, https:\/\/peacefulvibestours.com\/wp-content\/uploads\/2025\/11\/Whisk_52d53e463db1fe987f44bb4a07338654dr-768x419.jpeg 768w\" sizes=\"(max-width: 1408px) 100vw, 1408px\" \/>\t\t\t\t\t\t\t\t\t\t\t\t\t\t\t<\/div>\n\t\t\t\t<div class=\"elementor-element elementor-element-7b2ffa9 elementor-widget elementor-widget-image\" data-id=\"7b2ffa9\" data-element_type=\"widget\" data-e-type=\"widget\" data-widget_type=\"image.default\">\n\t\t\t\t\t\t\t\t\t\t\t\t\t\t\t<img decoding=\"async\" width=\"1408\" height=\"768\" src=\"https:\/\/peacefulvibestours.com\/wp-content\/uploads\/2025\/11\/Whisk_3d24c63c4fcdcad8a3e4b96b83a49351dr.jpeg\" class=\"attachment-full size-full wp-image-809\" alt=\"\" srcset=\"https:\/\/peacefulvibestours.com\/wp-content\/uploads\/2025\/11\/Whisk_3d24c63c4fcdcad8a3e4b96b83a49351dr.jpeg 1408w, https:\/\/peacefulvibestours.com\/wp-content\/uploads\/2025\/11\/Whisk_3d24c63c4fcdcad8a3e4b96b83a49351dr-300x164.jpeg 300w, https:\/\/peacefulvibestours.com\/wp-content\/uploads\/2025\/11\/Whisk_3d24c63c4fcdcad8a3e4b96b83a49351dr-1024x559.jpeg 1024w, https:\/\/peacefulvibestours.com\/wp-content\/uploads\/2025\/11\/Whisk_3d24c63c4fcdcad8a3e4b96b83a49351dr-768x419.jpeg 768w\" sizes=\"(max-width: 1408px) 100vw, 1408px\" \/>\t\t\t\t\t\t\t\t\t\t\t\t\t\t\t<\/div>\n\t\t\t\t<\/div>\n\t\t\t\t\t<\/div>\n\t\t\t\t<\/div>\n\t\t<div class=\"elementor-element elementor-element-7dbc492 e-flex e-con-boxed e-con e-parent\" data-id=\"7dbc492\" data-element_type=\"container\" data-e-type=\"container\">\n\t\t\t\t\t<div class=\"e-con-inner\">\n\t\t\t\t<div class=\"elementor-element elementor-element-a4cdfd7 elementor-widget elementor-widget-text-editor\" data-id=\"a4cdfd7\" data-element_type=\"widget\" data-e-type=\"widget\" data-widget_type=\"text-editor.default\">\n\t\t\t\t\t\t\t\t\t<p>You can combine this riding adventure, an encounter with wild animals with the opportunity to explore the great natural wonders of Hurghada. You can reach areas that exploration would take to walk a lot of time \u2013 such as the sprawling desert landscape of Hurghada. A Highlight was the opportunity to ride with your horse by the sea. Beginners need not Worry, because helmets are provided and a Trainer is ready to coach you, and help you when needed. Enjoy the rare opportunity to ride on an Egyptian horse in the sea and in the desert. A fun and quick way to explore the nature of Hurghada. No danger of getting lost \u2013 a horse trainer will accompany you on your adventure. A secure experience and helmets will be provided. In the price included pick up and return transfer from the Hotel in an air-conditioned vehicle for One hour horse riding horse riding for An hour in the beautiful desert in the beautiful sea in the price included Transfer of (Makadi, Sahl Hasheesh) Hotels charge $ 5 per Person. Transfer from (Safaga, El Gouna, Soma Bay) Hotels charge<\/p>\t\t\t\t\t\t\t\t<\/div>\n\t\t\t\t\t<\/div>\n\t\t\t\t<\/div>\n\t\t<div class=\"elementor-element elementor-element-4d8ec9b e-flex e-con-boxed e-con e-parent\" data-id=\"4d8ec9b\" data-element_type=\"container\" data-e-type=\"container\">\n\t\t\t\t\t<div class=\"e-con-inner\">\n\t\t<div class=\"elementor-element elementor-element-81fc9b1 e-con-full e-flex e-con e-child\" data-id=\"81fc9b1\" data-element_type=\"container\" data-e-type=\"container\">\n\t\t\t\t<div class=\"elementor-element elementor-element-4893249 elementor-widget elementor-widget-video\" data-id=\"4893249\" data-element_type=\"widget\" data-e-type=\"widget\" data-settings=\"{&quot;video_type&quot;:&quot;hosted&quot;,&quot;show_image_overlay&quot;:&quot;yes&quot;,&quot;image_overlay&quot;:{&quot;url&quot;:&quot;https:\\\/\\\/peacefulvibestours.com\\\/wp-content\\\/uploads\\\/2025\\\/11\\\/Whisk_cee177df29f120ba47844ba942b599acdr.jpeg&quot;,&quot;id&quot;:792,&quot;size&quot;:&quot;&quot;,&quot;alt&quot;:&quot;&quot;,&quot;source&quot;:&quot;library&quot;},&quot;controls&quot;:&quot;yes&quot;}\" data-widget_type=\"video.default\">\n\t\t\t\t\t\t\t<div class=\"e-hosted-video elementor-wrapper elementor-open-inline\">\n\t\t\t\t\t<video class=\"elementor-video\" src=\"https:\/\/peacefulvibestours.com\/wp-content\/uploads\/2025\/11\/WhatsApp-Video-2025-11-09-at-17.42.22_ad6e558f.mp4\" controls=\"\" preload=\"metadata\" controlslist=\"nodownload\"><\/video>\n\t\t\t\t\t\t<div class=\"elementor-custom-embed-image-overlay\" style=\"background-image: url(https:\/\/peacefulvibestours.com\/wp-content\/uploads\/2025\/11\/Whisk_cee177df29f120ba47844ba942b599acdr.jpeg);\">\n\t\t\t\t\t\t\t\t\t\t\t\t\t\t\t\t<div class=\"elementor-custom-embed-play\" role=\"button\" aria-label=\"Play Video\" tabindex=\"0\">\n\t\t\t\t\t\t\t<svg aria-hidden=\"true\" class=\"e-font-icon-svg e-eicon-play\" viewbox=\"0 0 1000 1000\" xmlns=\"http:\/\/www.w3.org\/2000\/svg\"><path d=\"M838 162C746 71 633 25 500 25 371 25 258 71 163 162 71 254 25 367 25 500 25 633 71 746 163 837 254 929 367 979 500 979 633 979 746 933 838 837 929 746 975 633 975 500 975 367 929 254 838 162M808 192C892 279 933 379 933 500 933 621 892 725 808 808 725 892 621 938 500 938 379 938 279 896 196 808 113 725 67 621 67 500 67 379 108 279 196 192 279 108 383 62 500 62 621 62 721 108 808 192M438 392V642L642 517 438 392Z\"><\/path><\/svg>\t\t\t\t\t\t<\/div>\n\t\t\t\t\t\t\t\t\t<\/div>\n\t\t\t\t\t<\/div>\n\t\t\t\t\t\t<\/div>\n\t\t\t\t<\/div>\n\t\t<div class=\"elementor-element elementor-element-e239379 e-con-full e-flex e-con e-child\" data-id=\"e239379\" data-element_type=\"container\" data-e-type=\"container\">\n\t\t\t\t<div class=\"elementor-element elementor-element-521353d elementor-widget elementor-widget-video\" data-id=\"521353d\" data-element_type=\"widget\" data-e-type=\"widget\" data-settings=\"{&quot;video_type&quot;:&quot;hosted&quot;,&quot;show_image_overlay&quot;:&quot;yes&quot;,&quot;image_overlay&quot;:{&quot;url&quot;:&quot;https:\\\/\\\/peacefulvibestours.com\\\/wp-content\\\/uploads\\\/2025\\\/11\\\/WhatsApp-Image-2025-11-09-at-17.43.38_f5a43e74.jpg&quot;,&quot;id&quot;:1040,&quot;size&quot;:&quot;&quot;,&quot;alt&quot;:&quot;&quot;,&quot;source&quot;:&quot;library&quot;},&quot;controls&quot;:&quot;yes&quot;}\" data-widget_type=\"video.default\">\n\t\t\t\t\t\t\t<div class=\"e-hosted-video elementor-wrapper elementor-open-inline\">\n\t\t\t\t\t<video class=\"elementor-video\" src=\"https:\/\/peacefulvibestours.com\/wp-content\/uploads\/2025\/11\/WhatsApp-Video-2025-11-09-at-17.42.24_54dbb449.mp4\" controls=\"\" preload=\"metadata\" controlslist=\"nodownload\"><\/video>\n\t\t\t\t\t\t<div class=\"elementor-custom-embed-image-overlay\" style=\"background-image: url(https:\/\/peacefulvibestours.com\/wp-content\/uploads\/2025\/11\/WhatsApp-Image-2025-11-09-at-17.43.38_f5a43e74.jpg);\">\n\t\t\t\t\t\t\t\t\t\t\t\t\t\t\t\t<div class=\"elementor-custom-embed-play\" role=\"button\" aria-label=\"Play Video\" tabindex=\"0\">\n\t\t\t\t\t\t\t<svg aria-hidden=\"true\" class=\"e-font-icon-svg e-eicon-play\" viewbox=\"0 0 1000 1000\" xmlns=\"http:\/\/www.w3.org\/2000\/svg\"><path d=\"M838 162C746 71 633 25 500 25 371 25 258 71 163 162 71 254 25 367 25 500 25 633 71 746 163 837 254 929 367 979 500 979 633 979 746 933 838 837 929 746 975 633 975 500 975 367 929 254 838 162M808 192C892 279 933 379 933 500 933 621 892 725 808 808 725 892 621 938 500 938 379 938 279 896 196 808 113 725 67 621 67 500 67 379 108 279 196 192 279 108 383 62 500 62 621 62 721 108 808 192M438 392V642L642 517 438 392Z\"><\/path><\/svg>\t\t\t\t\t\t<\/div>\n\t\t\t\t\t\t\t\t\t<\/div>\n\t\t\t\t\t<\/div>\n\t\t\t\t\t\t<\/div>\n\t\t\t\t<\/div>\n\t\t\t\t\t<\/div>\n\t\t\t\t<\/div>\n\t\t<div class=\"elementor-element elementor-element-28e291f e-flex e-con-boxed e-con e-parent\" data-id=\"28e291f\" data-element_type=\"container\" data-e-type=\"container\">\n\t\t\t\t\t<div class=\"e-con-inner\">\n\t\t\t\t<div class=\"elementor-element elementor-element-5ec7f6d elementor-tablet-align-center elementor-align-center elementor-widget elementor-widget-button\" data-id=\"5ec7f6d\" data-element_type=\"widget\" data-e-type=\"widget\" data-widget_type=\"button.default\">\n\t\t\t\t\t\t\t\t\t\t<a class=\"elementor-button elementor-button-link elementor-size-lg\" href=\"https:\/\/wa.link\/0gv6y9\">\n\t\t\t\t\t\t<span class=\"elementor-button-content-wrapper\">\n\t\t\t\t\t\t\t\t\t<span class=\"elementor-button-text\">Contact us<\/span>\n\t\t\t\t\t<\/span>\n\t\t\t\t\t<\/a>\n\t\t\t\t\t\t\t\t<\/div>\n\t\t\t\t\t<\/div>\n\t\t\t\t<\/div>\n\t\t\t\t<\/div>","protected":false},"excerpt":{"rendered":"<p>Reiten Kombinieren Sie bei diesem Reitabenteuer eine Begegnung mit Wildtieren mit der M\u00f6glichkeit, die gro\u00dfartigen Naturwunder von Hurghada zu erkunden. Erreichen Sie Gebiete, deren Erkundung zu Fu\u00df viel Zeit in Anspruch nehmen w\u00fcrde \u2013 wie beispielsweise die weitl\u00e4ufige W\u00fcstenlandschaft von Hurghada. Ein Highlight ist die M\u00f6glichkeit, mit Ihrem Pferd durch das Meer zu reiten. Auch [&hellip;]<\/p>","protected":false},"author":2,"featured_media":0,"parent":0,"menu_order":0,"comment_status":"closed","ping_status":"closed","template":"elementor_header_footer","meta":{"footnotes":""},"class_list":["post-788","page","type-page","status-publish","hentry"],"blocksy_meta":[],"yoast_head":"<!-- This site is optimized with the Yoast SEO plugin v27.4 - https:\/\/yoast.com\/product\/yoast-seo-wordpress\/ -->\n<title>Reiten - peacefulvibestours.com<\/title>\n<meta name=\"robots\" content=\"index, follow, max-snippet:-1, max-image-preview:large, max-video-preview:-1\" \/>\n<link rel=\"canonical\" href=\"https:\/\/peacefulvibestours.com\/en\/reiten\/\" \/>\n<meta property=\"og:locale\" content=\"en_US\" \/>\n<meta property=\"og:type\" content=\"article\" \/>\n<meta property=\"og:title\" content=\"Reiten - peacefulvibestours.com\" \/>\n<meta property=\"og:description\" content=\"Reiten Kombinieren Sie bei diesem Reitabenteuer eine Begegnung mit Wildtieren mit der M\u00f6glichkeit, die gro\u00dfartigen Naturwunder von Hurghada zu erkunden. Erreichen Sie Gebiete, deren Erkundung zu Fu\u00df viel Zeit in Anspruch nehmen w\u00fcrde \u2013 wie beispielsweise die weitl\u00e4ufige W\u00fcstenlandschaft von Hurghada. Ein Highlight ist die M\u00f6glichkeit, mit Ihrem Pferd durch das Meer zu reiten. Auch [&hellip;]\" \/>\n<meta property=\"og:url\" content=\"https:\/\/peacefulvibestours.com\/en\/reiten\/\" \/>\n<meta property=\"og:site_name\" content=\"peacefulvibestours.com\" \/>\n<meta property=\"article:publisher\" content=\"https:\/\/www.facebook.com\/share\/r\/1AtVuQHwET\/\" \/>\n<meta property=\"article:modified_time\" content=\"2025-11-09T15:58:59+00:00\" \/>\n<meta property=\"og:image\" content=\"https:\/\/peacefulvibestours.com\/wp-content\/uploads\/2025\/11\/Whisk_4e997b24332f566925f47c3d8d089846dr.jpeg\" \/>\n\t<meta property=\"og:image:width\" content=\"1024\" \/>\n\t<meta property=\"og:image:height\" content=\"1024\" \/>\n\t<meta property=\"og:image:type\" content=\"image\/jpeg\" \/>\n<meta name=\"twitter:card\" content=\"summary_large_image\" \/>\n<meta name=\"twitter:label1\" content=\"Est. reading time\" \/>\n\t<meta name=\"twitter:data1\" content=\"1 minute\" \/>\n<script type=\"application\/ld+json\" class=\"yoast-schema-graph\">{\"@context\":\"https:\\\/\\\/schema.org\",\"@graph\":[{\"@type\":\"WebPage\",\"@id\":\"https:\\\/\\\/peacefulvibestours.com\\\/reiten\\\/\",\"url\":\"https:\\\/\\\/peacefulvibestours.com\\\/reiten\\\/\",\"name\":\"Reiten - peacefulvibestours.com\",\"isPartOf\":{\"@id\":\"https:\\\/\\\/peacefulvibestours.com\\\/#website\"},\"primaryImageOfPage\":{\"@id\":\"https:\\\/\\\/peacefulvibestours.com\\\/reiten\\\/#primaryimage\"},\"image\":{\"@id\":\"https:\\\/\\\/peacefulvibestours.com\\\/reiten\\\/#primaryimage\"},\"thumbnailUrl\":\"https:\\\/\\\/peacefulvibestours.com\\\/wp-content\\\/uploads\\\/2025\\\/11\\\/Whisk_4e997b24332f566925f47c3d8d089846dr.jpeg\",\"datePublished\":\"2025-11-08T22:01:00+00:00\",\"dateModified\":\"2025-11-09T15:58:59+00:00\",\"breadcrumb\":{\"@id\":\"https:\\\/\\\/peacefulvibestours.com\\\/reiten\\\/#breadcrumb\"},\"inLanguage\":\"en-US\",\"potentialAction\":[{\"@type\":\"ReadAction\",\"target\":[\"https:\\\/\\\/peacefulvibestours.com\\\/reiten\\\/\"]}]},{\"@type\":\"ImageObject\",\"inLanguage\":\"en-US\",\"@id\":\"https:\\\/\\\/peacefulvibestours.com\\\/reiten\\\/#primaryimage\",\"url\":\"https:\\\/\\\/peacefulvibestours.com\\\/wp-content\\\/uploads\\\/2025\\\/11\\\/Whisk_4e997b24332f566925f47c3d8d089846dr.jpeg\",\"contentUrl\":\"https:\\\/\\\/peacefulvibestours.com\\\/wp-content\\\/uploads\\\/2025\\\/11\\\/Whisk_4e997b24332f566925f47c3d8d089846dr.jpeg\"},{\"@type\":\"BreadcrumbList\",\"@id\":\"https:\\\/\\\/peacefulvibestours.com\\\/reiten\\\/#breadcrumb\",\"itemListElement\":[{\"@type\":\"ListItem\",\"position\":1,\"name\":\"Home\",\"item\":\"https:\\\/\\\/peacefulvibestours.com\\\/\"},{\"@type\":\"ListItem\",\"position\":2,\"name\":\"Reiten\"}]},{\"@type\":\"WebSite\",\"@id\":\"https:\\\/\\\/peacefulvibestours.com\\\/#website\",\"url\":\"https:\\\/\\\/peacefulvibestours.com\\\/\",\"name\":\"peacefulvibestours.com\",\"description\":\"\",\"publisher\":{\"@id\":\"https:\\\/\\\/peacefulvibestours.com\\\/#organization\"},\"potentialAction\":[{\"@type\":\"SearchAction\",\"target\":{\"@type\":\"EntryPoint\",\"urlTemplate\":\"https:\\\/\\\/peacefulvibestours.com\\\/?s={search_term_string}\"},\"query-input\":{\"@type\":\"PropertyValueSpecification\",\"valueRequired\":true,\"valueName\":\"search_term_string\"}}],\"inLanguage\":\"en-US\"},{\"@type\":\"Organization\",\"@id\":\"https:\\\/\\\/peacefulvibestours.com\\\/#organization\",\"name\":\"peacefulvibestours.com\",\"url\":\"https:\\\/\\\/peacefulvibestours.com\\\/\",\"logo\":{\"@type\":\"ImageObject\",\"inLanguage\":\"en-US\",\"@id\":\"https:\\\/\\\/peacefulvibestours.com\\\/#\\\/schema\\\/logo\\\/image\\\/\",\"url\":\"https:\\\/\\\/peacefulvibestours.com\\\/wp-content\\\/uploads\\\/2025\\\/11\\\/WhatsApp_Image_2025-11-05_at_22.30.02_2e7b726f-removebg-preview.png\",\"contentUrl\":\"https:\\\/\\\/peacefulvibestours.com\\\/wp-content\\\/uploads\\\/2025\\\/11\\\/WhatsApp_Image_2025-11-05_at_22.30.02_2e7b726f-removebg-preview.png\",\"width\":500,\"height\":500,\"caption\":\"peacefulvibestours.com\"},\"image\":{\"@id\":\"https:\\\/\\\/peacefulvibestours.com\\\/#\\\/schema\\\/logo\\\/image\\\/\"},\"sameAs\":[\"https:\\\/\\\/www.facebook.com\\\/share\\\/r\\\/1AtVuQHwET\\\/\"]}]}<\/script>\n<!-- \/ Yoast SEO plugin. -->","yoast_head_json":{"title":"Reiten - peacefulvibestours.com","robots":{"index":"index","follow":"follow","max-snippet":"max-snippet:-1","max-image-preview":"max-image-preview:large","max-video-preview":"max-video-preview:-1"},"canonical":"https:\/\/peacefulvibestours.com\/en\/reiten\/","og_locale":"en_US","og_type":"article","og_title":"Reiten - peacefulvibestours.com","og_description":"Reiten Kombinieren Sie bei diesem Reitabenteuer eine Begegnung mit Wildtieren mit der M\u00f6glichkeit, die gro\u00dfartigen Naturwunder von Hurghada zu erkunden. Erreichen Sie Gebiete, deren Erkundung zu Fu\u00df viel Zeit in Anspruch nehmen w\u00fcrde \u2013 wie beispielsweise die weitl\u00e4ufige W\u00fcstenlandschaft von Hurghada. Ein Highlight ist die M\u00f6glichkeit, mit Ihrem Pferd durch das Meer zu reiten. Auch [&hellip;]","og_url":"https:\/\/peacefulvibestours.com\/en\/reiten\/","og_site_name":"peacefulvibestours.com","article_publisher":"https:\/\/www.facebook.com\/share\/r\/1AtVuQHwET\/","article_modified_time":"2025-11-09T15:58:59+00:00","og_image":[{"width":1024,"height":1024,"url":"https:\/\/peacefulvibestours.com\/wp-content\/uploads\/2025\/11\/Whisk_4e997b24332f566925f47c3d8d089846dr.jpeg","type":"image\/jpeg"}],"twitter_card":"summary_large_image","twitter_misc":{"Est. reading time":"1 minute"},"schema":{"@context":"https:\/\/schema.org","@graph":[{"@type":"WebPage","@id":"https:\/\/peacefulvibestours.com\/reiten\/","url":"https:\/\/peacefulvibestours.com\/reiten\/","name":"Reiten - peacefulvibestours.com","isPartOf":{"@id":"https:\/\/peacefulvibestours.com\/#website"},"primaryImageOfPage":{"@id":"https:\/\/peacefulvibestours.com\/reiten\/#primaryimage"},"image":{"@id":"https:\/\/peacefulvibestours.com\/reiten\/#primaryimage"},"thumbnailUrl":"https:\/\/peacefulvibestours.com\/wp-content\/uploads\/2025\/11\/Whisk_4e997b24332f566925f47c3d8d089846dr.jpeg","datePublished":"2025-11-08T22:01:00+00:00","dateModified":"2025-11-09T15:58:59+00:00","breadcrumb":{"@id":"https:\/\/peacefulvibestours.com\/reiten\/#breadcrumb"},"inLanguage":"en-US","potentialAction":[{"@type":"ReadAction","target":["https:\/\/peacefulvibestours.com\/reiten\/"]}]},{"@type":"ImageObject","inLanguage":"en-US","@id":"https:\/\/peacefulvibestours.com\/reiten\/#primaryimage","url":"https:\/\/peacefulvibestours.com\/wp-content\/uploads\/2025\/11\/Whisk_4e997b24332f566925f47c3d8d089846dr.jpeg","contentUrl":"https:\/\/peacefulvibestours.com\/wp-content\/uploads\/2025\/11\/Whisk_4e997b24332f566925f47c3d8d089846dr.jpeg"},{"@type":"BreadcrumbList","@id":"https:\/\/peacefulvibestours.com\/reiten\/#breadcrumb","itemListElement":[{"@type":"ListItem","position":1,"name":"Home","item":"https:\/\/peacefulvibestours.com\/"},{"@type":"ListItem","position":2,"name":"Reiten"}]},{"@type":"WebSite","@id":"https:\/\/peacefulvibestours.com\/#website","url":"https:\/\/peacefulvibestours.com\/","name":"peacefulvibestours.com","description":"","publisher":{"@id":"https:\/\/peacefulvibestours.com\/#organization"},"potentialAction":[{"@type":"SearchAction","target":{"@type":"EntryPoint","urlTemplate":"https:\/\/peacefulvibestours.com\/?s={search_term_string}"},"query-input":{"@type":"PropertyValueSpecification","valueRequired":true,"valueName":"search_term_string"}}],"inLanguage":"en-US"},{"@type":"Organization","@id":"https:\/\/peacefulvibestours.com\/#organization","name":"peacefulvibestours.com","url":"https:\/\/peacefulvibestours.com\/","logo":{"@type":"ImageObject","inLanguage":"en-US","@id":"https:\/\/peacefulvibestours.com\/#\/schema\/logo\/image\/","url":"https:\/\/peacefulvibestours.com\/wp-content\/uploads\/2025\/11\/WhatsApp_Image_2025-11-05_at_22.30.02_2e7b726f-removebg-preview.png","contentUrl":"https:\/\/peacefulvibestours.com\/wp-content\/uploads\/2025\/11\/WhatsApp_Image_2025-11-05_at_22.30.02_2e7b726f-removebg-preview.png","width":500,"height":500,"caption":"peacefulvibestours.com"},"image":{"@id":"https:\/\/peacefulvibestours.com\/#\/schema\/logo\/image\/"},"sameAs":["https:\/\/www.facebook.com\/share\/r\/1AtVuQHwET\/"]}]}},"_hostinger_reach_plugin_has_subscription_block":false,"_hostinger_reach_plugin_is_elementor":false,"_links":{"self":[{"href":"https:\/\/peacefulvibestours.com\/en\/wp-json\/wp\/v2\/pages\/788","targetHints":{"allow":["GET"]}}],"collection":[{"href":"https:\/\/peacefulvibestours.com\/en\/wp-json\/wp\/v2\/pages"}],"about":[{"href":"https:\/\/peacefulvibestours.com\/en\/wp-json\/wp\/v2\/types\/page"}],"author":[{"embeddable":true,"href":"https:\/\/peacefulvibestours.com\/en\/wp-json\/wp\/v2\/users\/2"}],"replies":[{"embeddable":true,"href":"https:\/\/peacefulvibestours.com\/en\/wp-json\/wp\/v2\/comments?post=788"}],"version-history":[{"count":20,"href":"https:\/\/peacefulvibestours.com\/en\/wp-json\/wp\/v2\/pages\/788\/revisions"}],"predecessor-version":[{"id":1056,"href":"https:\/\/peacefulvibestours.com\/en\/wp-json\/wp\/v2\/pages\/788\/revisions\/1056"}],"wp:attachment":[{"href":"https:\/\/peacefulvibestours.com\/en\/wp-json\/wp\/v2\/media?parent=788"}],"curies":[{"name":"wp","href":"https:\/\/api.w.org\/{rel}","templated":true}]}}